{"id":989,"date":"2019-02-04T01:25:50","date_gmt":"2019-02-04T01:25:50","guid":{"rendered":"http:\/\/cerer.ucad.sn\/?page_id=989"},"modified":"2025-10-18T19:40:01","modified_gmt":"2025-10-18T19:40:01","slug":"offres-de-services","status":"publish","type":"page","link":"https:\/\/cerer.ucad.sn\/?page_id=989","title":{"rendered":"Offres de services"},"content":{"rendered":"\t\t<div data-elementor-type=\"wp-page\" data-elementor-id=\"989\" class=\"elementor elementor-989\">\n\t\t\t\t\t\t\t<div class=\"elementor-element elementor-element-cd453c5 e-flex e-con-boxed e-con e-parent\" data-id=\"cd453c5\" data-element_type=\"container\" data-settings=\"{&quot;content_width&quot;:&quot;boxed&quot;}\" data-core-v316-plus=\"true\">\n\t\t\t\t\t<div class=\"e-con-inner\">\n\t\t\t\t<div class=\"elementor-element elementor-element-aeec279 elementor-widget elementor-widget-text-editor\" data-id=\"aeec279\" data-element_type=\"widget\" data-widget_type=\"text-editor.default\">\n\t\t\t\t<div class=\"elementor-widget-container\">\n\t\t\t<style>\/*! elementor - v3.18.0 - 20-12-2023 *\/\n.elementor-widget-text-editor.elementor-drop-cap-view-stacked .elementor-drop-cap{background-color:#69727d;color:#fff}.elementor-widget-text-editor.elementor-drop-cap-view-framed .elementor-drop-cap{color:#69727d;border:3px solid;background-color:transparent}.elementor-widget-text-editor:not(.elementor-drop-cap-view-default) .elementor-drop-cap{margin-top:8px}.elementor-widget-text-editor:not(.elementor-drop-cap-view-default) .elementor-drop-cap-letter{width:1em;height:1em}.elementor-widget-text-editor .elementor-drop-cap{float:left;text-align:center;line-height:1;font-size:50px}.elementor-widget-text-editor .elementor-drop-cap-letter{display:inline-block}<\/style>\t\t\t\t<style>\n    body {\n      font-family: \"Segoe UI\", Arial, sans-serif;\n      margin: 30px;\n      background: #fdfdfd;\n      color: #2c3e50;\n      line-height: 1.6;\n    }\n    h1 {\n      font-size: 20px;\n      margin-bottom: 10px;\n      color: #1a5276;\n      border-bottom: 2px solid #aed6f1;\n      padding-bottom: 5px;\n    }\n    h2 {\n      font-size: 16px;\n      margin-top: 20px;\n      color: #2471a3;\n      border-left: 4px solid #85c1e9;\n      padding-left: 10px;\n    }\n    ul {\n      padding-left: 15px;\n      list-style: disc;\n      margin-top: 15px;\n    }\n    ul li {\n      margin: 6px 0;\n      font-size: 14px;\n    }\n    .highlight {\n      font-weight: bold;\n      color: #d35400;\n    }\n<\/style>\n\n<h1>Services du Centre d&#8217;\u00e9tudes et de recherches sur les \u00e9nergies renouvelables (CERER)<\/h1>\n\n<h2>D\u00e9partement Solaire Thermique<\/h2>\n<ul>\n  <li><span class=\"highlight\">\u00c9tude et dimensionnement<\/span> de syst\u00e8mes solaires thermiques<\/li>\n  <li>\u00c9tude, mise au point, installation, maintenance et optimisation de syst\u00e8mes solaires thermiques<\/li>\n  <li>D\u00e9veloppement de syst\u00e8mes de stockage d\u2019\u00e9nergie thermique<\/li>\n  <li>D\u00e9veloppement de syst\u00e8mes de froid solaire (r\u00e9frig\u00e9ration et climatisation)<\/li>\n  <li>\u00c9tude \u00e9nerg\u00e9tique des b\u00e2timents et confort thermique<\/li>\n  <li>Test de qualit\u00e9 des appareils de froid (r\u00e9frig\u00e9rateurs)<\/li>\n  <li>Conception et r\u00e9alisation de chauffe-eaux solaires<\/li>\n  <li>Conception et r\u00e9alisation de s\u00e9choirs solaires alimentaires<\/li>\n  <li>Conception et r\u00e9alisation de fours \u00e0 pain en milieu rural<\/li>\n  <li>Conception et r\u00e9alisation d\u2019appareils de cuisson solaire<\/li>\n<\/ul>\n\n<h2>D\u00e9partement Photovolta\u00efque<\/h2>\n<ul>\n  <li><span class=\"highlight\">Test et certification<\/span> des composants photovolta\u00efques<\/li>\n  <li>Contr\u00f4le de qualit\u00e9 des \u00e9quipements PV (r\u00e9gulateurs, batteries, lampes, modules, onduleurs)<\/li>\n  <li>Tests de qualit\u00e9 des \u00e9quipements Pico-syst\u00e8mes PV<\/li>\n  <li>Tests de performance des lampes \u00e0 \u00e9conomie d\u2019\u00e9nergie<\/li>\n  <li>\u00c9tude et dimensionnement des syst\u00e8mes solaires PV<\/li>\n  <li>R\u00e9alisation et installation de syst\u00e8mes photovolta\u00efques<\/li>\n  <li>Monitoring, audit \u00e9nerg\u00e9tique et maintenance<\/li>\n  <li>Formation des techniciens et gestionnaires de projets<\/li>\n  <li>Labellisation et contr\u00f4le qualit\u00e9<\/li>\n<\/ul>\n\n<h2>D\u00e9partement Biomasse<\/h2>\n<ul>\n  <li><span class=\"highlight\">Conception, d\u00e9veloppement et am\u00e9lioration<\/span> des foyers am\u00e9lior\u00e9s<\/li>\n  <li>Tests de performance (TEE, TCC, TPC) et de consommation de combustible<\/li>\n  <li>Tests d\u2019\u00e9missions (CO, PM) en laboratoire et sur le terrain<\/li>\n  <li>Tests d\u2019argile : plasticit\u00e9, granulom\u00e9trie et porosit\u00e9<\/li>\n  <li>Tests de m\u00e9taux et rev\u00eatements<\/li>\n  <li>Technologies de production m\u00e9tallique artisanale<\/li>\n  <li>Technologies de production c\u00e9ramique et banco<\/li>\n  <li>Tests de s\u00e9curit\u00e9<\/li>\n  <li>Suivi et contr\u00f4le de qualit\u00e9 de la production des foyers<\/li>\n  <li>Conception et r\u00e9alisation de biodigesteurs<\/li>\n  <li>Combustibles alternatifs<\/li>\n<\/ul>\n\n<h2>D\u00e9partement \u00c9olien<\/h2>\n<ul>\n  <li><span class=\"highlight\">\u00c9tude, dimensionnement et installation<\/span> de syst\u00e8mes \u00e9oliens<\/li>\n  <li>Tests et caract\u00e9risation de petits a\u00e9rog\u00e9n\u00e9rateurs<\/li>\n  <li>Suivi des performances et maintenance des installations<\/li>\n  <li>Formation sur la technologie \u00e9olienne et hybridation PV\/\u00c9olien<\/li>\n<\/ul>\n\n<h2>Autres services transversaux<\/h2>\n<ul>\n  <li>Formations professionnelles et sp\u00e9cialis\u00e9es<\/li>\n  <li>Audit \u00e9nerg\u00e9tique global<\/li>\n  <li>Vulgarisation et diffusion des techniques durables<\/li>\n  <li>Labellisation et certification<\/li>\n<\/ul>\n\t\t\t\t\t\t<\/div>\n\t\t\t\t<\/div>\n\t\t\t\t\t<\/div>\n\t\t\t\t<\/div>\n\t\t<div class=\"elementor-element elementor-element-cebdfdd e-flex e-con-boxed e-con e-parent\" data-id=\"cebdfdd\" data-element_type=\"container\" data-settings=\"{&quot;content_width&quot;:&quot;boxed&quot;}\" data-core-v316-plus=\"true\">\n\t\t\t\t\t<div class=\"e-con-inner\">\n\t\t\t\t<div class=\"elementor-element elementor-element-620a18a elementor-widget elementor-widget-image\" data-id=\"620a18a\" data-element_type=\"widget\" data-widget_type=\"image.default\">\n\t\t\t\t<div class=\"elementor-widget-container\">\n\t\t\t<style>\/*! elementor - v3.18.0 - 20-12-2023 *\/\n.elementor-widget-image{text-align:center}.elementor-widget-image a{display:inline-block}.elementor-widget-image a img[src$=\".svg\"]{width:48px}.elementor-widget-image img{vertical-align:middle;display:inline-block}<\/style>\t\t\t\t\t\t\t\t\t\t\t\t<img decoding=\"async\" width=\"82\" height=\"67\" src=\"https:\/\/cerer.ucad.sn\/wp-content\/uploads\/raw_resultat.jpg\" class=\"attachment-large size-large wp-image-1695\" alt=\"\" \/>\t\t\t\t\t\t\t\t\t\t\t\t\t\t\t<\/div>\n\t\t\t\t<\/div>\n\t\t\t\t\t<\/div>\n\t\t\t\t<\/div>\n\t\t\t\t\t\t\t<\/div>\n\t\t","protected":false},"excerpt":{"rendered":"<p>Services du Centre d&#8217;\u00e9tudes et de recherches sur les \u00e9nergies renouvelables (CERER) D\u00e9partement Solaire Thermique \u00c9tude et dimensionnement de syst\u00e8mes solaires thermiques \u00c9tude, mise au\u2026<\/p>\n","protected":false},"author":7,"featured_media":1314,"parent":0,"menu_order":0,"comment_status":"closed","ping_status":"closed","template":"","meta":{"footnotes":""},"acf":[],"_links":{"self":[{"href":"https:\/\/cerer.ucad.sn\/index.php?rest_route=\/wp\/v2\/pages\/989"}],"collection":[{"href":"https:\/\/cerer.ucad.sn\/index.php?rest_route=\/wp\/v2\/pages"}],"about":[{"href":"https:\/\/cerer.ucad.sn\/index.php?rest_route=\/wp\/v2\/types\/page"}],"author":[{"embeddable":true,"href":"https:\/\/cerer.ucad.sn\/index.php?rest_route=\/wp\/v2\/users\/7"}],"replies":[{"embeddable":true,"href":"https:\/\/cerer.ucad.sn\/index.php?rest_route=%2Fwp%2Fv2%2Fcomments&post=989"}],"version-history":[{"count":59,"href":"https:\/\/cerer.ucad.sn\/index.php?rest_route=\/wp\/v2\/pages\/989\/revisions"}],"predecessor-version":[{"id":3887,"href":"https:\/\/cerer.ucad.sn\/index.php?rest_route=\/wp\/v2\/pages\/989\/revisions\/3887"}],"wp:featuredmedia":[{"embeddable":true,"href":"https:\/\/cerer.ucad.sn\/index.php?rest_route=\/wp\/v2\/media\/1314"}],"wp:attachment":[{"href":"https:\/\/cerer.ucad.sn\/index.php?rest_route=%2Fwp%2Fv2%2Fmedia&parent=989"}],"curies":[{"name":"wp","href":"https:\/\/api.w.org\/{rel}","templated":true}]}}