{"id":826,"date":"2018-11-15T13:28:44","date_gmt":"2018-11-15T13:28:44","guid":{"rendered":"http:\/\/cerer.ucad.sn\/?page_id=826"},"modified":"2024-09-10T12:09:16","modified_gmt":"2024-09-10T12:09:16","slug":"gestion","status":"publish","type":"page","link":"https:\/\/cerer.ucad.sn\/?page_id=826","title":{"rendered":"Gestion"},"content":{"rendered":"\t\t<div data-elementor-type=\"wp-page\" data-elementor-id=\"826\" class=\"elementor elementor-826\">\n\t\t\t\t\t\t\t<div class=\"elementor-element elementor-element-6dfcf78 e-flex e-con-boxed e-con e-parent\" data-id=\"6dfcf78\" data-element_type=\"container\" data-settings=\"{&quot;content_width&quot;:&quot;boxed&quot;}\" data-core-v316-plus=\"true\">\n\t\t\t\t\t<div class=\"e-con-inner\">\n\t\t<div class=\"elementor-element elementor-element-d3eb769 e-con-full e-flex e-con e-child\" data-id=\"d3eb769\" data-element_type=\"container\" data-settings=\"{&quot;content_width&quot;:&quot;full&quot;}\">\n\t\t\t\t<div class=\"elementor-element elementor-element-898f967 elementor-widget elementor-widget-text-editor\" data-id=\"898f967\" data-element_type=\"widget\" data-widget_type=\"text-editor.default\">\n\t\t\t\t<div class=\"elementor-widget-container\">\n\t\t\t<style>\/*! elementor - v3.18.0 - 20-12-2023 *\/\n.elementor-widget-text-editor.elementor-drop-cap-view-stacked .elementor-drop-cap{background-color:#69727d;color:#fff}.elementor-widget-text-editor.elementor-drop-cap-view-framed .elementor-drop-cap{color:#69727d;border:3px solid;background-color:transparent}.elementor-widget-text-editor:not(.elementor-drop-cap-view-default) .elementor-drop-cap{margin-top:8px}.elementor-widget-text-editor:not(.elementor-drop-cap-view-default) .elementor-drop-cap-letter{width:1em;height:1em}.elementor-widget-text-editor .elementor-drop-cap{float:left;text-align:center;line-height:1;font-size:50px}.elementor-widget-text-editor .elementor-drop-cap-letter{display:inline-block}<\/style>\t\t\t\t<h4 style=\"text-align: justify;\">Le Centre d\u2019\u00c9tudes et de Recherches sur les \u00c9nergies renouvelables est organis\u00e9 en :<\/h4><p>Une Direction g\u00e9n\u00e9rale assist\u00e9e d&#8217;un directeur adjoint,<br \/>Les services administratifs et financiers,<br \/>Les services de recherches<br \/>La secr\u00e9taire de direction.<\/p><p>Les Services Administratifs et Financiers sont constitu\u00e9s par :<br \/>Le secr\u00e9tariat,<br \/>Les moyens g\u00e9n\u00e9raux et infrastructures,<br \/>La comptabilit\u00e9,<br \/>Le chauffeur,<br \/>Les archives.<\/p><p>Le secr\u00e9taire de direction est compos\u00e9 des services et p\u00f4les de transition r\u00e9partis en :<\/p><p>Partenariat et la valorisation de la recherche,<br \/>Ateliers de maintenance de fabrication m\u00e9canique et \u00e9lectronique,<br \/>Service de l\u2019informatique, de l\u2019information et de la valorisation des r\u00e9sultats de la recherche.<\/p><p>Les services de recherches sont constitu\u00e9s par :<br \/>Le service \u00e9nergie solaire photovolta\u00efque,<br \/>Le service \u00e9nergie solaire thermique et thermodynamique,<br \/>Le service \u00e9nergie \u00e9olienne,<br \/>Le service bio\u00e9nergie et environnement.<\/p>\t\t\t\t\t\t<\/div>\n\t\t\t\t<\/div>\n\t\t\t\t<\/div>\n\t\t<div class=\"elementor-element elementor-element-24a0601 e-con-full e-flex e-con e-child\" data-id=\"24a0601\" data-element_type=\"container\" data-settings=\"{&quot;content_width&quot;:&quot;full&quot;}\">\n\t\t\t\t<div class=\"elementor-element elementor-element-433f2c6 elementor-widget elementor-widget-image\" data-id=\"433f2c6\" data-element_type=\"widget\" data-widget_type=\"image.default\">\n\t\t\t\t<div class=\"elementor-widget-container\">\n\t\t\t<style>\/*! elementor - v3.18.0 - 20-12-2023 *\/\n.elementor-widget-image{text-align:center}.elementor-widget-image a{display:inline-block}.elementor-widget-image a img[src$=\".svg\"]{width:48px}.elementor-widget-image img{vertical-align:middle;display:inline-block}<\/style>\t\t\t\t\t\t\t\t\t\t\t\t<img fetchpriority=\"high\" decoding=\"async\" width=\"1000\" height=\"563\" src=\"https:\/\/cerer.ucad.sn\/wp-content\/uploads\/DSC00817-1024x576.jpg\" class=\"attachment-large size-large wp-image-1574\" alt=\"\" srcset=\"https:\/\/cerer.ucad.sn\/wp-content\/uploads\/DSC00817-1024x576.jpg 1024w, https:\/\/cerer.ucad.sn\/wp-content\/uploads\/DSC00817-600x338.jpg 600w, https:\/\/cerer.ucad.sn\/wp-content\/uploads\/DSC00817-300x169.jpg 300w, https:\/\/cerer.ucad.sn\/wp-content\/uploads\/DSC00817-768x432.jpg 768w, https:\/\/cerer.ucad.sn\/wp-content\/uploads\/DSC00817.jpg 1920w\" sizes=\"(max-width: 1000px) 100vw, 1000px\" \/>\t\t\t\t\t\t\t\t\t\t\t\t\t\t\t<\/div>\n\t\t\t\t<\/div>\n\t\t\t\t<\/div>\n\t\t\t\t\t<\/div>\n\t\t\t\t<\/div>\n\t\t\t\t\t\t\t<\/div>\n\t\t","protected":false},"excerpt":{"rendered":"<p>Le Centre d\u2019\u00c9tudes et de Recherches sur les \u00c9nergies renouvelables est organis\u00e9 en : Une Direction g\u00e9n\u00e9rale assist\u00e9e d&#8217;un directeur adjoint,Les services administratifs et financiers,Les\u2026<\/p>\n","protected":false},"author":7,"featured_media":0,"parent":0,"menu_order":0,"comment_status":"closed","ping_status":"closed","template":"","meta":{"footnotes":""},"acf":[],"_links":{"self":[{"href":"https:\/\/cerer.ucad.sn\/index.php?rest_route=\/wp\/v2\/pages\/826"}],"collection":[{"href":"https:\/\/cerer.ucad.sn\/index.php?rest_route=\/wp\/v2\/pages"}],"about":[{"href":"https:\/\/cerer.ucad.sn\/index.php?rest_route=\/wp\/v2\/types\/page"}],"author":[{"embeddable":true,"href":"https:\/\/cerer.ucad.sn\/index.php?rest_route=\/wp\/v2\/users\/7"}],"replies":[{"embeddable":true,"href":"https:\/\/cerer.ucad.sn\/index.php?rest_route=%2Fwp%2Fv2%2Fcomments&post=826"}],"version-history":[{"count":111,"href":"https:\/\/cerer.ucad.sn\/index.php?rest_route=\/wp\/v2\/pages\/826\/revisions"}],"predecessor-version":[{"id":3069,"href":"https:\/\/cerer.ucad.sn\/index.php?rest_route=\/wp\/v2\/pages\/826\/revisions\/3069"}],"wp:attachment":[{"href":"https:\/\/cerer.ucad.sn\/index.php?rest_route=%2Fwp%2Fv2%2Fmedia&parent=826"}],"curies":[{"name":"wp","href":"https:\/\/api.w.org\/{rel}","templated":true}]}}