{"id":759,"date":"2018-11-15T01:17:36","date_gmt":"2018-11-15T01:17:36","guid":{"rendered":"http:\/\/www.bijouterielasolution.com\/cerer\/?page_id=759"},"modified":"2025-10-19T06:09:33","modified_gmt":"2025-10-19T06:09:33","slug":"mot-du-directeur","status":"publish","type":"page","link":"https:\/\/cerer.ucad.sn\/?page_id=759","title":{"rendered":"\u00a0\u00a0\u00a0\u00a0\u00a0\u00a0\u00a0\u00a0\u00a0\u00a0\u00a0\u00a0\u00a0\u00a0\u00a0\u00a0\u00a0\u00a0\u00a0\u00a0\u00a0\u00a0\u00a0\u00a0\u00a0\u00a0\u00a0\u00a0\u00a0\u00a0\u00a0\u00a0"},"content":{"rendered":"\t\t<div data-elementor-type=\"wp-page\" data-elementor-id=\"759\" class=\"elementor elementor-759\">\n\t\t\t\t\t\t\t<div class=\"elementor-element elementor-element-93aafe6 e-flex e-con-boxed e-con e-parent\" data-id=\"93aafe6\" data-element_type=\"container\" data-settings=\"{&quot;content_width&quot;:&quot;boxed&quot;}\" data-core-v316-plus=\"true\">\n\t\t\t\t\t<div class=\"e-con-inner\">\n\t\t<div class=\"elementor-element elementor-element-3c4c4e6 e-con-full e-flex e-con e-child\" data-id=\"3c4c4e6\" data-element_type=\"container\" data-settings=\"{&quot;content_width&quot;:&quot;full&quot;}\">\n\t\t\t\t<div class=\"elementor-element elementor-element-9da6e22 elementor-widget elementor-widget-text-editor\" data-id=\"9da6e22\" data-element_type=\"widget\" data-widget_type=\"text-editor.default\">\n\t\t\t\t<div class=\"elementor-widget-container\">\n\t\t\t<style>\/*! elementor - v3.18.0 - 20-12-2023 *\/\n.elementor-widget-text-editor.elementor-drop-cap-view-stacked .elementor-drop-cap{background-color:#69727d;color:#fff}.elementor-widget-text-editor.elementor-drop-cap-view-framed .elementor-drop-cap{color:#69727d;border:3px solid;background-color:transparent}.elementor-widget-text-editor:not(.elementor-drop-cap-view-default) .elementor-drop-cap{margin-top:8px}.elementor-widget-text-editor:not(.elementor-drop-cap-view-default) .elementor-drop-cap-letter{width:1em;height:1em}.elementor-widget-text-editor .elementor-drop-cap{float:left;text-align:center;line-height:1;font-size:50px}.elementor-widget-text-editor .elementor-drop-cap-letter{display:inline-block}<\/style>\t\t\t\t<style>\n  .mot-directeur {\n    font-family: \"Segoe UI\", Arial, sans-serif;\n    background: #f9fbfc;\n    color: #2c3e50;\n    padding: 25px;\n    border-radius: 12px;\n    max-width: 900px;\n    margin: 20px auto;\n    line-height: 1.6;\n    box-shadow: 0 4px 10px rgba(0,0,0,0.08);\n  }\n\n  .mot-directeur p {\n    text-align: justify;\n    font-size: 15px;\n    margin-bottom: 10px;\n    color: #000;\n  }\n\n  .mot-directeur strong {\n    font-weight: 600;\n    color: #1a5276;\n  }\n\n  .mot-directeur em {\n    color: #d35400;\n    font-style: italic;\n    font-weight: bold;\n  }\n\n  .mot-directeur .highlight-vert {\n    color: #28a745; \/* vert *\/\n    font-weight: bold;\n  }\n\n  .mot-directeur .highlight-bleu {\n    color: #007bff; \/* bleu *\/\n    font-weight: bold;\n  }\n\n  .mot-directeur .closing {\n    text-align: right;\n    font-style: italic;\n    font-weight: 600;\n    color: #2471a3;\n    margin-top: 15px;\n  }\n<\/style>\n\n<div class=\"mot-directeur\">\n  <p>\n    Je vous souhaite la plus cordiale bienvenue sur le nouveau site du\n    <strong>Centre d\u2019\u00c9tudes et de Recherches sur les \u00c9nergies Renouvelables (CERER)<\/strong>.\n    Vous l&#8217;attendiez avec impatience, le voici !\n    Dans le cadre de nos efforts continus pour am\u00e9liorer notre visibilit\u00e9, nous sommes heureux de vous pr\u00e9senter\n    un site au <strong>design renouvel\u00e9<\/strong> et dot\u00e9 de meilleures fonctionnalit\u00e9s pour vous offrir une\n    exp\u00e9rience de navigation optimale.\n  <\/p>\n\n  <p>\n    Plus visuel, plus moderne, il allie <strong>simplicit\u00e9<\/strong> et <strong>convivialit\u00e9<\/strong>.\n    Son contenu professionnel et instructif vous permettra de mieux conna\u00eetre le CERER, ses projets et ses activit\u00e9s.\n    Il sera r\u00e9guli\u00e8rement mis \u00e0 jour, refl\u00e9tant notre volont\u00e9 d\u2019assurer une communication dynamique et transparente.\n  <\/p>\n\n  <p>\n    Le CERER a pris l&#8217;option de renforcer sa pr\u00e9sence sur les <strong>r\u00e9seaux sociaux<\/strong> pour davantage\n    interagir avec le public. Ce nouveau site permet ainsi une redirection vers les diff\u00e9rentes plateformes :\n    <strong>Facebook, Twitter, LinkedIn, YouTube<\/strong>, etc.\n  <\/p>\n\n  <p>\n    Le lancement de ce nouveau site intervient dans un contexte o\u00f9 le CERER vient de se doter d\u2019une\n    <strong>charte graphique<\/strong> et d\u2019un <strong>nouveau logo<\/strong>, bref d\u2019une\n    <strong>nouvelle identit\u00e9 visuelle<\/strong> qui refl\u00e8te ses orientations strat\u00e9giques et sa vision d\u2019avenir.\n    Cette identit\u00e9 traduit notre engagement \u00e0 v\u00e9hiculer des valeurs d\u2019<strong>accessibilit\u00e9<\/strong>,\n    d\u2019<strong>engagement<\/strong> et d\u2019<strong>innovation<\/strong>.\n  <\/p>\n\n  <p>\n    Le nouveau logo se veut r\u00e9solument plus <strong>moderne<\/strong> et <strong>attrayant<\/strong>.\n    Cette signature actualis\u00e9e incarne et d\u00e9finit ce qu\u2019est le CERER d\u2019aujourd\u2019hui.\n    Le <span class=\"highlight-vert\">vert<\/span> symbolise la nature et l\u2019esp\u00e9rance, tandis que le\n    <span class=\"highlight-bleu\">bleu<\/span> \u00e9voque le changement et l\u2019avenir.\n    \u00c0 la fois simple et \u00e9l\u00e9gant, le nouvel embl\u00e8me du CERER s\u2019adapte parfaitement \u00e0 l\u2019\u00e8re du num\u00e9rique.\n  <\/p>\n\n  <p>\n    Cette nouvelle identit\u00e9 forte et distinctive s\u2019accompagne d\u2019un message f\u00e9d\u00e9rateur :\n    <em>\u00ab L\u2019\u00e9nergie, tout naturellement \u00bb<\/em>.\n    Un slogan inclusif, positif et hautement d\u00e9clinable, qui exprime le positionnement du CERER\n    comme moteur de la <strong>transition \u00e9nerg\u00e9tique<\/strong>.\n  <\/p>\n\n  <p class=\"closing\">Nous vous souhaitons une bonne visite et \u00e0 bient\u00f4t !<\/p>\n<\/div>\n\t\t\t\t\t\t<\/div>\n\t\t\t\t<\/div>\n\t\t\t\t<\/div>\n\t\t<div class=\"elementor-element elementor-element-f811c02 e-con-full e-flex e-con e-child\" data-id=\"f811c02\" data-element_type=\"container\" data-settings=\"{&quot;content_width&quot;:&quot;full&quot;}\">\n\t\t<div class=\"elementor-element elementor-element-e9ec1f0 e-flex e-con-boxed e-con e-child\" data-id=\"e9ec1f0\" data-element_type=\"container\" data-settings=\"{&quot;content_width&quot;:&quot;boxed&quot;}\">\n\t\t\t\t\t<div class=\"e-con-inner\">\n\t\t\t\t<div class=\"elementor-element elementor-element-a1cf725 elementor-widget elementor-widget-image\" data-id=\"a1cf725\" data-element_type=\"widget\" data-widget_type=\"image.default\">\n\t\t\t\t<div class=\"elementor-widget-container\">\n\t\t\t<style>\/*! elementor - v3.18.0 - 20-12-2023 *\/\n.elementor-widget-image{text-align:center}.elementor-widget-image a{display:inline-block}.elementor-widget-image a img[src$=\".svg\"]{width:48px}.elementor-widget-image img{vertical-align:middle;display:inline-block}<\/style>\t\t\t\t\t\t\t\t\t\t\t\t<img fetchpriority=\"high\" decoding=\"async\" width=\"720\" height=\"722\" src=\"https:\/\/cerer.ucad.sn\/wp-content\/uploads\/facebook_1707389317886_7161309845569360151.jpg\" class=\"attachment-large size-large wp-image-2725\" alt=\"\" srcset=\"https:\/\/cerer.ucad.sn\/wp-content\/uploads\/facebook_1707389317886_7161309845569360151.jpg 720w, https:\/\/cerer.ucad.sn\/wp-content\/uploads\/facebook_1707389317886_7161309845569360151-300x300.jpg 300w, https:\/\/cerer.ucad.sn\/wp-content\/uploads\/facebook_1707389317886_7161309845569360151-150x150.jpg 150w, https:\/\/cerer.ucad.sn\/wp-content\/uploads\/facebook_1707389317886_7161309845569360151-600x602.jpg 600w, https:\/\/cerer.ucad.sn\/wp-content\/uploads\/facebook_1707389317886_7161309845569360151-75x75.jpg 75w, https:\/\/cerer.ucad.sn\/wp-content\/uploads\/facebook_1707389317886_7161309845569360151-63x63.jpg 63w, https:\/\/cerer.ucad.sn\/wp-content\/uploads\/facebook_1707389317886_7161309845569360151-100x100.jpg 100w\" sizes=\"(max-width: 720px) 100vw, 720px\" \/>\t\t\t\t\t\t\t\t\t\t\t\t\t\t\t<\/div>\n\t\t\t\t<\/div>\n\t\t\t\t\t<\/div>\n\t\t\t\t<\/div>\n\t\t<div class=\"elementor-element elementor-element-2c30f23 e-flex e-con-boxed e-con e-child\" data-id=\"2c30f23\" data-element_type=\"container\" data-settings=\"{&quot;content_width&quot;:&quot;boxed&quot;}\">\n\t\t\t\t\t<div class=\"e-con-inner\">\n\t\t\t\t<div class=\"elementor-element elementor-element-576c4e5 elementor-widget elementor-widget-video\" data-id=\"576c4e5\" data-element_type=\"widget\" data-settings=\"{&quot;youtube_url&quot;:&quot;https:\\\/\\\/www.youtube.com\\\/watch?v=XvWinGi0Bsg&quot;,&quot;video_type&quot;:&quot;youtube&quot;,&quot;controls&quot;:&quot;yes&quot;}\" data-widget_type=\"video.default\">\n\t\t\t\t<div class=\"elementor-widget-container\">\n\t\t\t<style>\/*! elementor - v3.18.0 - 20-12-2023 *\/\n.elementor-widget-video .elementor-widget-container{overflow:hidden;transform:translateZ(0)}.elementor-widget-video .elementor-wrapper{aspect-ratio:var(--video-aspect-ratio)}.elementor-widget-video .elementor-wrapper iframe,.elementor-widget-video .elementor-wrapper video{height:100%;width:100%;display:flex;border:none;background-color:#000}@supports not (aspect-ratio:1\/1){.elementor-widget-video .elementor-wrapper{position:relative;overflow:hidden;height:0;padding-bottom:calc(100% \/ var(--video-aspect-ratio))}.elementor-widget-video .elementor-wrapper iframe,.elementor-widget-video .elementor-wrapper video{position:absolute;top:0;right:0;bottom:0;left:0}}.elementor-widget-video .elementor-open-inline .elementor-custom-embed-image-overlay{position:absolute;top:0;right:0;bottom:0;left:0;background-size:cover;background-position:50%}.elementor-widget-video .elementor-custom-embed-image-overlay{cursor:pointer;text-align:center}.elementor-widget-video .elementor-custom-embed-image-overlay:hover .elementor-custom-embed-play i{opacity:1}.elementor-widget-video .elementor-custom-embed-image-overlay img{display:block;width:100%;aspect-ratio:var(--video-aspect-ratio);-o-object-fit:cover;object-fit:cover;-o-object-position:center center;object-position:center center}@supports not (aspect-ratio:1\/1){.elementor-widget-video .elementor-custom-embed-image-overlay{position:relative;overflow:hidden;height:0;padding-bottom:calc(100% \/ var(--video-aspect-ratio))}.elementor-widget-video .elementor-custom-embed-image-overlay img{position:absolute;top:0;right:0;bottom:0;left:0}}.elementor-widget-video .e-hosted-video .elementor-video{-o-object-fit:cover;object-fit:cover}.e-con-inner>.elementor-widget-video,.e-con>.elementor-widget-video{width:var(--container-widget-width);--flex-grow:var(--container-widget-flex-grow)}<\/style>\t\t<div class=\"elementor-wrapper elementor-open-inline\">\n\t\t\t<div class=\"elementor-video\"><\/div>\t\t<\/div>\n\t\t\t\t<\/div>\n\t\t\t\t<\/div>\n\t\t\t\t\t<\/div>\n\t\t\t\t<\/div>\n\t\t\t\t<\/div>\n\t\t\t\t\t<\/div>\n\t\t\t\t<\/div>\n\t\t<div class=\"elementor-element elementor-element-909f365 e-flex e-con-boxed e-con e-parent\" data-id=\"909f365\" data-element_type=\"container\" data-settings=\"{&quot;content_width&quot;:&quot;boxed&quot;}\" data-core-v316-plus=\"true\">\n\t\t\t\t\t<div class=\"e-con-inner\">\n\t\t\t\t<div class=\"elementor-element elementor-element-09ba92d elementor-widget elementor-widget-image\" data-id=\"09ba92d\" data-element_type=\"widget\" data-widget_type=\"image.default\">\n\t\t\t\t<div class=\"elementor-widget-container\">\n\t\t\t\t\t\t\t\t\t\t\t\t\t\t\t<img decoding=\"async\" width=\"82\" height=\"67\" src=\"https:\/\/cerer.ucad.sn\/wp-content\/uploads\/raw_resultat.jpg\" class=\"attachment-large size-large wp-image-1695\" alt=\"\" \/>\t\t\t\t\t\t\t\t\t\t\t\t\t\t\t<\/div>\n\t\t\t\t<\/div>\n\t\t\t\t\t<\/div>\n\t\t\t\t<\/div>\n\t\t\t\t\t\t\t<\/div>\n\t\t","protected":false},"excerpt":{"rendered":"<p>Je vous souhaite la plus cordiale bienvenue sur le nouveau site du Centre d\u2019\u00c9tudes et de Recherches sur les \u00c9nergies Renouvelables (CERER). Vous l&#8217;attendiez avec\u2026<\/p>\n","protected":false},"author":7,"featured_media":2725,"parent":0,"menu_order":0,"comment_status":"closed","ping_status":"closed","template":"","meta":{"footnotes":""},"acf":[],"_links":{"self":[{"href":"https:\/\/cerer.ucad.sn\/index.php?rest_route=\/wp\/v2\/pages\/759"}],"collection":[{"href":"https:\/\/cerer.ucad.sn\/index.php?rest_route=\/wp\/v2\/pages"}],"about":[{"href":"https:\/\/cerer.ucad.sn\/index.php?rest_route=\/wp\/v2\/types\/page"}],"author":[{"embeddable":true,"href":"https:\/\/cerer.ucad.sn\/index.php?rest_route=\/wp\/v2\/users\/7"}],"replies":[{"embeddable":true,"href":"https:\/\/cerer.ucad.sn\/index.php?rest_route=%2Fwp%2Fv2%2Fcomments&post=759"}],"version-history":[{"count":126,"href":"https:\/\/cerer.ucad.sn\/index.php?rest_route=\/wp\/v2\/pages\/759\/revisions"}],"predecessor-version":[{"id":3903,"href":"https:\/\/cerer.ucad.sn\/index.php?rest_route=\/wp\/v2\/pages\/759\/revisions\/3903"}],"wp:featuredmedia":[{"embeddable":true,"href":"https:\/\/cerer.ucad.sn\/index.php?rest_route=\/wp\/v2\/media\/2725"}],"wp:attachment":[{"href":"https:\/\/cerer.ucad.sn\/index.php?rest_route=%2Fwp%2Fv2%2Fmedia&parent=759"}],"curies":[{"name":"wp","href":"https:\/\/api.w.org\/{rel}","templated":true}]}}