{"id":352,"date":"2018-01-03T14:39:55","date_gmt":"2018-01-03T14:39:55","guid":{"rendered":"http:\/\/copious.brighthemes.biz\/?page_id=352"},"modified":"2025-10-19T20:30:26","modified_gmt":"2025-10-19T20:30:26","slug":"qui-sommes-nous","status":"publish","type":"page","link":"https:\/\/cerer.ucad.sn\/?page_id=352","title":{"rendered":"Qui sommes-nous ?"},"content":{"rendered":"\t\t<div data-elementor-type=\"wp-page\" data-elementor-id=\"352\" class=\"elementor elementor-352\">\n\t\t\t\t\t\t\t<div class=\"elementor-element elementor-element-60c1fa52 e-flex e-con-boxed e-con e-parent\" data-id=\"60c1fa52\" data-element_type=\"container\" data-settings=\"{&quot;content_width&quot;:&quot;boxed&quot;}\" data-core-v316-plus=\"true\">\n\t\t\t\t\t<div class=\"e-con-inner\">\n\t\t\t\t<div class=\"elementor-element elementor-element-2e578172 elementor-widget elementor-widget-text-editor\" data-id=\"2e578172\" data-element_type=\"widget\" data-widget_type=\"text-editor.default\">\n\t\t\t\t<div class=\"elementor-widget-container\">\n\t\t\t<style>\/*! elementor - v3.18.0 - 20-12-2023 *\/\n.elementor-widget-text-editor.elementor-drop-cap-view-stacked .elementor-drop-cap{background-color:#69727d;color:#fff}.elementor-widget-text-editor.elementor-drop-cap-view-framed .elementor-drop-cap{color:#69727d;border:3px solid;background-color:transparent}.elementor-widget-text-editor:not(.elementor-drop-cap-view-default) .elementor-drop-cap{margin-top:8px}.elementor-widget-text-editor:not(.elementor-drop-cap-view-default) .elementor-drop-cap-letter{width:1em;height:1em}.elementor-widget-text-editor .elementor-drop-cap{float:left;text-align:center;line-height:1;font-size:50px}.elementor-widget-text-editor .elementor-drop-cap-letter{display:inline-block}<\/style>\t\t\t\t\t\t\t\t\t\t<\/div>\n\t\t\t\t<\/div>\n\t\t\t\t\t<\/div>\n\t\t\t\t<\/div>\n\t\t<div class=\"elementor-element elementor-element-7c1a17c e-flex e-con-boxed e-con e-parent\" data-id=\"7c1a17c\" data-element_type=\"container\" data-settings=\"{&quot;content_width&quot;:&quot;boxed&quot;}\" data-core-v316-plus=\"true\">\n\t\t\t\t\t<div class=\"e-con-inner\">\n\t\t\t\t<div class=\"elementor-element elementor-element-7805ec4 elementor-widget elementor-widget-text-editor\" data-id=\"7805ec4\" data-element_type=\"widget\" data-widget_type=\"text-editor.default\">\n\t\t\t\t<div class=\"elementor-widget-container\">\n\t\t\t\t\t\t\t<style>\n  .cerer-section {\n    font-family: \"Segoe UI\", Arial, sans-serif;\n    background: #f9fbfc;\n    color: #2c3e50;\n    padding: 40px;\n    border-radius: 12px;\n    box-shadow: 0 3px 10px rgba(0,0,0,0.1);\n    line-height: 1.8;\n    max-width: 900px;\n    margin: 40px auto;\n    text-align: center; \/* Centre le contenu *\/\n  }\n\n  .cerer-section h1 {\n    color: #0b6fa4; \/* Bleu principal *\/\n    font-size: 26px;\n    margin-bottom: 20px;\n    border-bottom: 3px solid #3cb371; \/* Vert doux *\/\n    display: inline-block;\n    padding-bottom: 5px;\n  }\n\n  .cerer-section p,\n  .cerer-section ul {\n    text-align: justify;\n  }\n\n  .cerer-section ul {\n    list-style: none;\n    padding-left: 0;\n    margin-top: 15px;\n  }\n\n  .cerer-section ul li {\n    margin: 10px 0;\n    position: relative;\n    padding-left: 30px;\n  }\n\n  .cerer-section ul li::before {\n    content: \"\u2605\";\n    position: absolute;\n    left: 0;\n    top: 0;\n    color: #3cb371; \/* Vert pour les \u00e9toiles *\/\n    font-size: 16px;\n  }\n\n  .cerer-section .highlight {\n    color: #0b6fa4; \/* Bleu fonc\u00e9 pour les mots cl\u00e9s *\/\n    font-weight: bold;\n  }\n\n  .cerer-section span.decret {\n    color: #3cb371; \/* Vert pour les r\u00e9f\u00e9rences officielles *\/\n    font-weight: 600;\n  }\n<\/style>\n\n<div class=\"cerer-section\">\n  <h1>Pr\u00e9sentation du CERER<\/h1>\n  <p>\n    Le <span class=\"highlight\">Centre d\u2019\u00c9tudes et de Recherches sur les \u00c9nergies Renouvelables (CERER)<\/span> est un Institut de\n    l\u2019<span class=\"highlight\">Universit\u00e9 Cheikh Anta Diop de Dakar (UCAD)<\/span> cr\u00e9\u00e9 par le\n    <span class=\"decret\">d\u00e9cret n\u00b0 80-402 du 28 avril 1980<\/span>.\n    Il a pour mission principale de promouvoir la recherche et le d\u00e9veloppement dans le domaine des \u00e9nergies renouvelables au S\u00e9n\u00e9gal et en Afrique.\n  <\/p>\n\n  <ul>\n    <li><span class=\"highlight\">R\u00e9aliser des programmes de recherche scientifique<\/span> et de d\u00e9veloppement technologique\n      sur les proc\u00e9d\u00e9s utilisant l\u2019\u00e9nergie solaire ou toute autre \u00e9nergie d\u00e9rivant de ph\u00e9nom\u00e8nes naturels,\n      adapt\u00e9s aux r\u00e9gions arides ou semi-arides, tout en favorisant leur insertion dans l\u2019\u00e9conomie nationale.<\/li>\n\n    <li><span class=\"highlight\">Contribuer efficacement<\/span> \u00e0 la recherche de solutions aux probl\u00e9matiques \u00e9nerg\u00e9tiques\n      et environnementales des pays africains, en particulier celles du S\u00e9n\u00e9gal.<\/li>\n\n    <li><span class=\"highlight\">Assurer une veille scientifique et technologique<\/span> dans le domaine des \u00e9nergies renouvelables.<\/li>\n\n    <li><span class=\"highlight\">Impulser et favoriser l\u2019innovation technologique<\/span> en assurant la ma\u00eetrise des progr\u00e8s\n      des sciences et techniques dans le secteur des \u00e9nergies renouvelables.<\/li>\n\n    <li><span class=\"highlight\">Identifier et initier<\/span> des projets de recherche \u00e0 entreprendre dans les domaines prioritaires.<\/li>\n\n    <li><span class=\"highlight\">Valoriser les r\u00e9sultats de la recherche<\/span> en veillant \u00e0 leur diffusion, exploitation et utilisation concr\u00e8te.<\/li>\n\n    <li><span class=\"highlight\">Assurer la formation et le perfectionnement<\/span> des chercheurs, \u00e9tudiants et techniciens\n      dans les diff\u00e9rents domaines d\u2019activit\u00e9 du centre.<\/li>\n  <\/ul>\n<\/div>\n\t\t\t\t\t\t<\/div>\n\t\t\t\t<\/div>\n\t\t\t\t\t<\/div>\n\t\t\t\t<\/div>\n\t\t<div class=\"elementor-element elementor-element-6b9bc66 e-flex e-con-boxed e-con e-parent\" data-id=\"6b9bc66\" data-element_type=\"container\" data-settings=\"{&quot;content_width&quot;:&quot;boxed&quot;}\" data-core-v316-plus=\"true\">\n\t\t\t\t\t<div class=\"e-con-inner\">\n\t\t<div class=\"elementor-element elementor-element-f7a1e3d e-con-full e-flex e-con e-child\" data-id=\"f7a1e3d\" data-element_type=\"container\" data-settings=\"{&quot;content_width&quot;:&quot;full&quot;}\">\n\t\t\t\t<div class=\"elementor-element elementor-element-8130d3b elementor-widget__width-initial elementor-widget elementor-widget-text-editor\" data-id=\"8130d3b\" data-element_type=\"widget\" data-widget_type=\"text-editor.default\">\n\t\t\t\t<div class=\"elementor-widget-container\">\n\t\t\t\t\t\t\t<style>\n  .cerer-histoire {\n    font-family: \"Segoe UI\", Arial, sans-serif;\n    background: #f9fbfc;\n    color: #2c3e50;\n    padding: 40px;\n    border-radius: 12px;\n    box-shadow: 0 3px 10px rgba(0,0,0,0.1);\n    line-height: 1.8;\n    max-width: 900px;\n    margin: 40px auto;\n    text-align: center;\n  }\n\n  .cerer-histoire h1 {\n    color: #0b6fa4; \/* Bleu principal *\/\n    font-size: 24px;\n    margin-bottom: 20px;\n    border-bottom: 3px solid #3cb371; \/* Vert \u00e9nergie *\/\n    display: inline-block;\n    padding-bottom: 5px;\n  }\n\n  .cerer-histoire p {\n    text-align: justify;\n    font-size: 15px;\n    color: #000;\n    margin-bottom: 15px;\n  }\n\n  .cerer-histoire .highlight {\n    color: #0b6fa4; \/* Bleu pour les mots-cl\u00e9s *\/\n    font-weight: bold;\n  }\n\n  .cerer-histoire .blue {\n    color: #3cb371; \/* Vert pour les institutions *\/\n    font-weight: 600;\n  }\n\n  .cerer-histoire .year {\n    color: #2e8b57; \/* Vert plus sombre pour les ann\u00e9es *\/\n    font-weight: bold;\n  }\n\n  .cerer-histoire .person {\n    color: #0b6fa4; \/* Bleu pour les noms de personnes *\/\n    font-weight: 600;\n  }\n\n  .cerer-histoire em {\n    color: #2f4f4f; \/* Gris bleut\u00e9 pour les notes *\/\n  }\n<\/style>\n\n<div class=\"cerer-histoire\">\n  <h1>Historique du CERER<\/h1>\n\n  <p>\n    Au <span class=\"highlight\">S\u00e9n\u00e9gal<\/span>, deux grands objectifs furent poursuivis d\u00e8s le d\u00e9but des\n    <span class=\"year\">ann\u00e9es 1950<\/span> en mati\u00e8re de recherche sur les \u00e9nergies renouvelables :\n    d\u2019une part, la <span class=\"highlight\">formation d\u2019enseignants-chercheurs<\/span>,\n    et d\u2019autre part, le <span class=\"highlight\">d\u00e9veloppement de r\u00e9sultats \u00e0 but social et appliqu\u00e9<\/span>.\n  <\/p>\n\n  <p>\n    La premi\u00e8re orientation prit forme avec la cr\u00e9ation des\n    <span class=\"blue\">laboratoires des semi-conducteurs et d\u2019\u00e9nergie solaire<\/span>\n    de la <span class=\"blue\">Facult\u00e9 des Sciences et Techniques (F.S.T.)<\/span>,\n    qui consacra ses travaux \u00e0 l\u2019\u00e9tude de l\u2019\u00e9nergie solaire et de ses applications.\n  <\/p>\n\n  <p>\n    En parall\u00e8le, \u00e0 partir de <span class=\"year\">1960<\/span>, une autre approche \u00e9mergea autour des\n    <span class=\"highlight\">travaux du professeur<\/span> <span class=\"person\">Henri Masson<\/span>,\n    centr\u00e9e sur les <span class=\"highlight\">applications thermodynamiques de l\u2019\u00e9nergie solaire<\/span>.\n    Cette orientation donna naissance \u00e0 l\u2019<span class=\"blue\">Institut de Physique M\u00e9t\u00e9orologique (I.P.M.)<\/span>,\n    fond\u00e9 par <span class=\"person\">Henri Masson<\/span> lui-m\u00eame.\n  <\/p>\n\n  <p>\n    L\u2019<span class=\"blue\">I.P.M.<\/span> \u00e9volua par la suite pour devenir le\n    <span class=\"highlight\">Centre d\u2019\u00c9tudes et de Recherches sur les \u00c9nergies Renouvelables (CERER)<\/span>,\n    officiellement cr\u00e9\u00e9 par le <span class=\"blue\">d\u00e9cret n\u00b0 80-402 du 28 avril 1980<\/span>.\n  <\/p>\n<\/div>\n\t\t\t\t\t\t<\/div>\n\t\t\t\t<\/div>\n\t\t\t\t<\/div>\n\t\t<div class=\"elementor-element elementor-element-4a2608c e-con-full e-flex e-con e-child\" data-id=\"4a2608c\" data-element_type=\"container\" data-settings=\"{&quot;content_width&quot;:&quot;full&quot;}\">\n\t\t\t\t<div class=\"elementor-element elementor-element-6a7801e elementor-widget elementor-widget-text-editor\" data-id=\"6a7801e\" data-element_type=\"widget\" data-widget_type=\"text-editor.default\">\n\t\t\t\t<div class=\"elementor-widget-container\">\n\t\t\t\t\t\t\t<!DOCTYPE html>\n<html lang=\"fr\">\n<head>\n  <meta charset=\"UTF-8\">\n  <title>Organisation du CERER<\/title>\n  <style>\n    .cerer-organisation {\n      font-family: \"Segoe UI\", Arial, sans-serif;\n      background: #f9fbfc;\n      color: #2c3e50;\n      padding: 40px;\n      border-radius: 12px;\n      box-shadow: 0 3px 10px rgba(0,0,0,0.1);\n      line-height: 1.8;\n      max-width: 900px;\n      margin: 40px auto;\n    }\n\n    .cerer-organisation h1 {\n      text-align: center;\n      color: #0b6fa4; \/* Bleu principal *\/\n      font-size: 28px;\n      margin-bottom: 20px;\n      border-bottom: 3px solid #3cb371; \/* Vert \u00e9nergie *\/\n      display: inline-block;\n      padding-bottom: 5px;\n    }\n\n    .cerer-organisation p {\n      text-align: justify;\n      font-size: 15px;\n      color: #000;\n      margin-bottom: 15px;\n    }\n\n    .cerer-organisation ul {\n      list-style: none;\n      padding-left: 0;\n      margin-top: 15px;\n    }\n\n    .cerer-organisation ul li {\n      position: relative;\n      margin: 10px 0;\n      padding-left: 30px;\n      font-size: 15px;\n      text-align: justify;\n    }\n\n    .cerer-organisation ul li::before {\n      content: \"\u2699\";\n      position: absolute;\n      left: 0;\n      top: 0;\n      color: #3cb371; \/* Ic\u00f4ne verte *\/\n      font-size: 16px;\n    }\n\n    .cerer-organisation .highlight {\n      color: #0b6fa4; \/* Bleu pour les mots-cl\u00e9s *\/\n      font-weight: bold;\n    }\n\n    .cerer-organisation .blue {\n      color: #3cb371; \/* Vert pour institutions et divisions *\/\n      font-weight: 600;\n    }\n\n    .cerer-organisation .note {\n      margin-top: 20px;\n      background: #ebf5fb;\n      padding: 15px;\n      border-left: 4px solid #3cb371; \/* Vert pour la note *\/\n      border-radius: 8px;\n      font-style: italic;\n    }\n\n    \/* Centrage du titre global *\/\n    .title-container {\n      text-align: center;\n    }\n  <\/style>\n<\/head>\n<body>\n\n  <div class=\"cerer-organisation\">\n    <div class=\"title-container\">\n      <h1>Organisation du CERER<\/h1>\n    <\/div>\n\n    <p>\n      Sur le plan organisationnel, le <span class=\"blue\">CERER<\/span>, afin d\u2019assurer efficacement ses missions,\n      s\u2019est structur\u00e9 en <span class=\"highlight\">quatre divisions<\/span> techniques et\n      <span class=\"highlight\">trois services<\/span> de soutien.\n    <\/p>\n\n    <ul>\n      <li><span class=\"highlight\">Division \u00c9nergie Solaire Photovolta\u00efque<\/span><\/li>\n      <li><span class=\"highlight\">Division Bio\u00e9nergie et Environnement<\/span><\/li>\n      <li><span class=\"highlight\">Division \u00c9nergie Solaire Thermique et Thermodynamique<\/span><\/li>\n      <li><span class=\"highlight\">Division \u00c9nergie \u00c9olienne<\/span><\/li>\n      <li><span class=\"highlight\">Service Administratif<\/span><\/li>\n      <li><span class=\"highlight\">Service Informatique<\/span><\/li>\n      <li><span class=\"highlight\">Service Technique des Ateliers<\/span><\/li>\n    <\/ul>\n\n    <div class=\"note\">\n      Les <span class=\"highlight\">chefs de divisions et de services<\/span> sont les ma\u00eetres d\u2019\u0153uvre des projets\n      relevant de leurs structures respectives, assurant la coordination, le suivi et la mise en \u0153uvre\n      des activit\u00e9s du centre.\n    <\/div>\n  <\/div>\n\n<\/body>\n<\/html>\n\t\t\t\t\t\t<\/div>\n\t\t\t\t<\/div>\n\t\t\t\t<\/div>\n\t\t\t\t\t<\/div>\n\t\t\t\t<\/div>\n\t\t<div class=\"elementor-element elementor-element-bac3de6 e-flex e-con-boxed e-con e-parent\" data-id=\"bac3de6\" data-element_type=\"container\" data-settings=\"{&quot;content_width&quot;:&quot;boxed&quot;}\" data-core-v316-plus=\"true\">\n\t\t\t\t\t<div class=\"e-con-inner\">\n\t\t<div class=\"elementor-element elementor-element-99cc9fa e-con-full e-flex e-con e-child\" data-id=\"99cc9fa\" data-element_type=\"container\" data-settings=\"{&quot;content_width&quot;:&quot;full&quot;}\">\n\t\t\t\t<div class=\"elementor-element elementor-element-af52280 elementor-widget elementor-widget-video\" data-id=\"af52280\" data-element_type=\"widget\" data-settings=\"{&quot;youtube_url&quot;:&quot;https:\\\/\\\/www.youtube.com\\\/watch?v=2z7ksiSJ-M8&amp;t=9s&quot;,&quot;video_type&quot;:&quot;youtube&quot;,&quot;controls&quot;:&quot;yes&quot;}\" data-widget_type=\"video.default\">\n\t\t\t\t<div class=\"elementor-widget-container\">\n\t\t\t<style>\/*! elementor - v3.18.0 - 20-12-2023 *\/\n.elementor-widget-video .elementor-widget-container{overflow:hidden;transform:translateZ(0)}.elementor-widget-video .elementor-wrapper{aspect-ratio:var(--video-aspect-ratio)}.elementor-widget-video .elementor-wrapper iframe,.elementor-widget-video .elementor-wrapper video{height:100%;width:100%;display:flex;border:none;background-color:#000}@supports not (aspect-ratio:1\/1){.elementor-widget-video .elementor-wrapper{position:relative;overflow:hidden;height:0;padding-bottom:calc(100% \/ var(--video-aspect-ratio))}.elementor-widget-video .elementor-wrapper iframe,.elementor-widget-video .elementor-wrapper video{position:absolute;top:0;right:0;bottom:0;left:0}}.elementor-widget-video .elementor-open-inline .elementor-custom-embed-image-overlay{position:absolute;top:0;right:0;bottom:0;left:0;background-size:cover;background-position:50%}.elementor-widget-video .elementor-custom-embed-image-overlay{cursor:pointer;text-align:center}.elementor-widget-video .elementor-custom-embed-image-overlay:hover .elementor-custom-embed-play i{opacity:1}.elementor-widget-video .elementor-custom-embed-image-overlay img{display:block;width:100%;aspect-ratio:var(--video-aspect-ratio);-o-object-fit:cover;object-fit:cover;-o-object-position:center center;object-position:center center}@supports not (aspect-ratio:1\/1){.elementor-widget-video .elementor-custom-embed-image-overlay{position:relative;overflow:hidden;height:0;padding-bottom:calc(100% \/ var(--video-aspect-ratio))}.elementor-widget-video .elementor-custom-embed-image-overlay img{position:absolute;top:0;right:0;bottom:0;left:0}}.elementor-widget-video .e-hosted-video .elementor-video{-o-object-fit:cover;object-fit:cover}.e-con-inner>.elementor-widget-video,.e-con>.elementor-widget-video{width:var(--container-widget-width);--flex-grow:var(--container-widget-flex-grow)}<\/style>\t\t<div class=\"elementor-wrapper elementor-open-inline\">\n\t\t\t<div class=\"elementor-video\"><\/div>\t\t<\/div>\n\t\t\t\t<\/div>\n\t\t\t\t<\/div>\n\t\t\t\t<\/div>\n\t\t<div class=\"elementor-element elementor-element-3341c42 e-con-full e-flex e-con e-child\" data-id=\"3341c42\" data-element_type=\"container\" data-settings=\"{&quot;content_width&quot;:&quot;full&quot;}\">\n\t\t\t\t<div class=\"elementor-element elementor-element-333f400 elementor-widget elementor-widget-video\" data-id=\"333f400\" data-element_type=\"widget\" data-settings=\"{&quot;youtube_url&quot;:&quot;https:\\\/\\\/www.youtube.com\\\/watch?v=XvWinGi0Bsg&amp;t=3s&quot;,&quot;video_type&quot;:&quot;youtube&quot;,&quot;controls&quot;:&quot;yes&quot;}\" data-widget_type=\"video.default\">\n\t\t\t\t<div class=\"elementor-widget-container\">\n\t\t\t\t\t<div class=\"elementor-wrapper elementor-open-inline\">\n\t\t\t<div class=\"elementor-video\"><\/div>\t\t<\/div>\n\t\t\t\t<\/div>\n\t\t\t\t<\/div>\n\t\t\t\t<\/div>\n\t\t\t\t\t<\/div>\n\t\t\t\t<\/div>\n\t\t\t\t\t\t\t<\/div>\n\t\t","protected":false},"excerpt":{"rendered":"<p>Pr\u00e9sentation du CERER Le Centre d\u2019\u00c9tudes et de Recherches sur les \u00c9nergies Renouvelables (CERER) est un Institut de l\u2019Universit\u00e9 Cheikh Anta Diop de Dakar (UCAD)\u2026<\/p>\n","protected":false},"author":7,"featured_media":1097,"parent":0,"menu_order":0,"comment_status":"closed","ping_status":"closed","template":"","meta":{"footnotes":""},"acf":[],"_links":{"self":[{"href":"https:\/\/cerer.ucad.sn\/index.php?rest_route=\/wp\/v2\/pages\/352"}],"collection":[{"href":"https:\/\/cerer.ucad.sn\/index.php?rest_route=\/wp\/v2\/pages"}],"about":[{"href":"https:\/\/cerer.ucad.sn\/index.php?rest_route=\/wp\/v2\/types\/page"}],"author":[{"embeddable":true,"href":"https:\/\/cerer.ucad.sn\/index.php?rest_route=\/wp\/v2\/users\/7"}],"replies":[{"embeddable":true,"href":"https:\/\/cerer.ucad.sn\/index.php?rest_route=%2Fwp%2Fv2%2Fcomments&post=352"}],"version-history":[{"count":304,"href":"https:\/\/cerer.ucad.sn\/index.php?rest_route=\/wp\/v2\/pages\/352\/revisions"}],"predecessor-version":[{"id":3946,"href":"https:\/\/cerer.ucad.sn\/index.php?rest_route=\/wp\/v2\/pages\/352\/revisions\/3946"}],"wp:featuredmedia":[{"embeddable":true,"href":"https:\/\/cerer.ucad.sn\/index.php?rest_route=\/wp\/v2\/media\/1097"}],"wp:attachment":[{"href":"https:\/\/cerer.ucad.sn\/index.php?rest_route=%2Fwp%2Fv2%2Fmedia&parent=352"}],"curies":[{"name":"wp","href":"https:\/\/api.w.org\/{rel}","templated":true}]}}