{"id":1001,"date":"2019-02-04T02:16:39","date_gmt":"2019-02-04T02:16:39","guid":{"rendered":"http:\/\/cerer.ucad.sn\/?page_id=1001"},"modified":"2025-10-19T21:36:30","modified_gmt":"2025-10-19T21:36:30","slug":"energie-solaire-photovoltaique","status":"publish","type":"page","link":"https:\/\/cerer.ucad.sn\/?page_id=1001","title":{"rendered":"Service \u00c9nergie solaire photovolta\u00efque"},"content":{"rendered":"\t\t<div data-elementor-type=\"wp-page\" data-elementor-id=\"1001\" class=\"elementor elementor-1001\">\n\t\t\t\t\t\t\t<div class=\"elementor-element elementor-element-77e0047 e-flex e-con-boxed e-con e-parent\" data-id=\"77e0047\" data-element_type=\"container\" data-settings=\"{&quot;content_width&quot;:&quot;boxed&quot;}\" data-core-v316-plus=\"true\">\n\t\t\t\t\t<div class=\"e-con-inner\">\n\t\t\t\t<div class=\"elementor-element elementor-element-26406c7f elementor-widget elementor-widget-text-editor\" data-id=\"26406c7f\" data-element_type=\"widget\" data-widget_type=\"text-editor.default\">\n\t\t\t\t<div class=\"elementor-widget-container\">\n\t\t\t<style>\/*! elementor - v3.18.0 - 20-12-2023 *\/\n.elementor-widget-text-editor.elementor-drop-cap-view-stacked .elementor-drop-cap{background-color:#69727d;color:#fff}.elementor-widget-text-editor.elementor-drop-cap-view-framed .elementor-drop-cap{color:#69727d;border:3px solid;background-color:transparent}.elementor-widget-text-editor:not(.elementor-drop-cap-view-default) .elementor-drop-cap{margin-top:8px}.elementor-widget-text-editor:not(.elementor-drop-cap-view-default) .elementor-drop-cap-letter{width:1em;height:1em}.elementor-widget-text-editor .elementor-drop-cap{float:left;text-align:center;line-height:1;font-size:50px}.elementor-widget-text-editor .elementor-drop-cap-letter{display:inline-block}<\/style>\t\t\t\t<!-- SECTION SERVICE + LNE -->\n<section style=\"font-family: 'Segoe UI', Roboto, Arial, sans-serif; max-width: 1200px; margin: 0 auto; padding: 40px 20px; color: #222;\">\n\n  <div style=\"text-align: center; margin-bottom: 30px;\">\n    <img decoding=\"async\" style=\"width: 100%; max-width: 900px; border-radius: 10px; box-shadow: 0 6px 18px rgba(0,0,0,0.15);\" \n         src=\"https:\/\/cerer.ucad.sn\/wp-content\/uploads\/DSC00763.jpg\" \n         alt=\"Service Solaire Photovolta\u00efque\" \/>\n  <\/div>\n\n  <div style=\"display: flex; flex-wrap: wrap; gap: 30px;\">\n\n    <!-- Colonne 1 -->\n    <div style=\"flex: 1 1 500px; background: #f9fdf9; border: 1px solid #c8e8c8; border-radius: 12px; padding: 20px; box-shadow: 0 4px 15px rgba(11,138,67,0.05);\">\n      <h2 style=\"color: #0b8a43; margin-bottom: 15px;\">Service Solaire Photovolta\u00efque<\/h2>\n      <p style=\"text-align: justify;\">\n        Tenant compte des besoins importants du S\u00e9n\u00e9gal en mati\u00e8re d&#8217;exhaure de l&#8217;eau et d&#8217;\u00e9lectrification rurale,\n        le <strong style=\"color:#0b6fa4;\">Service Solaire Photovolta\u00efque<\/strong> s&#8217;est donn\u00e9 pour ambition de participer efficacement \u00e0 la recherche\n        de solutions en rapport avec les d\u00e9cideurs publics et priv\u00e9s. Son exp\u00e9rience dans le domaine lui donne cette capacit\u00e9.\n      <\/p>\n      <p style=\"text-align: justify;\">\n        Ce service abrite le <strong style=\"color:#0b6fa4;\">Laboratoire de Contr\u00f4le Qualit\u00e9 des Composants Solaires Photovolta\u00efques (LCQS)<\/strong>,\n        le <strong style=\"color:#0b6fa4;\">Laboratoire de Contr\u00f4le Qualit\u00e9 des Produits Pico-PV et SHS (Lighting Africa)<\/strong>\n        et le <strong style=\"color:#0b6fa4;\">Laboratoire National sur l\u2019\u00c9clairage (LNE)<\/strong>.\n        Ils permettent d\u2019effectuer des tests de contr\u00f4le de qualit\u00e9 sur pratiquement tous les composants photovolta\u00efques\n        et d&#8217;\u00e9clairage, r\u00e9pondant aux besoins des utilisateurs en mati\u00e8re de performance et de fiabilit\u00e9.\n      <\/p>\n    <\/div>\n\n    <!-- Colonne 2 -->\n    <div style=\"flex: 1 1 500px; background: #ffffff; border: 1px solid #e0e0e0; border-radius: 12px; padding: 20px; box-shadow: 0 4px 15px rgba(0,0,0,0.05);\">\n\n      <h3 style=\"color: #0b8a43;\">Le Laboratoire de Contr\u00f4le Qualit\u00e9 des Composants Solaires (LCQS)<\/h3>\n      <p style=\"text-align: justify;\">\n        Financ\u00e9 par la Coop\u00e9ration Allemande (GTZ) et plac\u00e9 sous la tutelle du <strong style=\"color:#0b6fa4;\">Minist\u00e8re du P\u00e9trole et de l\u2019\u00c9nergie<\/strong>,\n        le LCQS assure le contr\u00f4le qualit\u00e9 des composants photovolta\u00efques install\u00e9s sur tout le territoire national.\n      <\/p>\n      <strong>Tests r\u00e9alis\u00e9s :<\/strong>\n      <ul style=\"margin-left: 20px;\">\n        <li>Modules photovolta\u00efques (PV)<\/li>\n        <li>R\u00e9gulateurs de charge<\/li>\n        <li>Batteries d\u2019accumulateurs<\/li>\n        <li>Onduleurs<\/li>\n      <\/ul>\n\n      <h3 style=\"color: #0b8a43;\">Laboratoire Pico-PV et SHS (Lighting Africa)<\/h3>\n      <p style=\"text-align: justify;\">\n        Ce laboratoire, financ\u00e9 par la Banque Mondiale \u00e0 travers le protocole <strong style=\"color:#0b6fa4;\">Lighting Global (VeraSol)<\/strong>,\n        effectue des tests de performance et de fiabilit\u00e9 sur les syst\u00e8mes d\u2019\u00e9clairage solaire autonomes.\n      <\/p>\n      <strong>Tests effectu\u00e9s :<\/strong>\n      <ul style=\"margin-left: 20px;\">\n        <li>Rendement lumineux<\/li>\n        <li>Durabilit\u00e9 du flux lumineux<\/li>\n        <li>Performance de la batterie<\/li>\n        <li>Charge secteur et \u00e9lectrom\u00e9canique<\/li>\n      <\/ul>\n\n      <!-- LNE int\u00e9grale avec couleurs et ic\u00f4nes -->\n      <h3 style=\"color: #0b6fa4;\">Laboratoire National sur l\u2019\u00c9clairage (LNE)<\/h3>\n      <p style=\"text-align: justify;\">\n        Le <strong style=\"color:#0b6fa4;\">LNE<\/strong> permet de r\u00e9aliser des essais pour l\u2019\u00e9valuation de la conformit\u00e9 des \n        <strong style=\"color:#3cb371;\">lampes \u00e0 \u00e9conomie d\u2019\u00e9nergie<\/strong>, qui constitue l\u2019un des fondements de l\u2019infrastructure qualit\u00e9 au niveau national.\n        \u00c9galement, le laboratoire teste les <strong style=\"color:#3cb371;\">lampadaires pour l\u2019\u00e9clairage public<\/strong> ainsi que d\u2019autres types de lampes \n        (<strong style=\"color:#3cb371;\">\u00e0 incandescence, \u00e0 sodium haute et basse pression<\/strong>), m\u00eame si cela n\u2019est pas sa vocation principale.\n      <\/p>\n      <p style=\"text-align: justify;\">\n        Tous les \u00e9quipements de ce laboratoire sont sur place.\n      <\/p>\n      <p style=\"text-align: justify;\">\n        Le <strong style=\"color:#0b6fa4;\">Laboratoire de Contr\u00f4le de Qualit\u00e9 des Lampes \u00e0 \u00c9conomie d\u2019\u00c9nergie<\/strong> est \u00e9quip\u00e9 pour effectuer les tests et contr\u00f4les suivants :\n      <\/p>\n      <ul style=\"margin-left: 20px;\">\n        <li>\ud83d\udca1 Tester les technologies fluorescentes (tubes, compactes), LED (tubes, modules, bulbes, spots, lampadaires) et autres luminaires (panneaux \u00e0 LED, projecteurs, etc.)<\/li>\n        <li>\ud83d\udca1 Mesurer les param\u00e8tres \u00e9lectriques, photom\u00e9triques et r\u00e9aliser les analyses spectrales<\/li>\n        <li>\ud83d\udca1 Tests de vieillissement et de dur\u00e9e de vie<\/li>\n        <li>\ud83d\udca1 Mesurer la qualit\u00e9 des composantes \u00e9lectroniques et \u00e9valuer la r\u00e9sistance des lampes \u00e0 la manipulation (torsion)<\/li>\n        <li>\ud83d\udca1 \u00c9valuer la r\u00e9sistance des lampes \u00e0 l\u2019humidit\u00e9, \u00e0 la chaleur et au froid<\/li>\n      <\/ul>\n\n    <\/div>\n  <\/div>\n<\/section>\n\t\t\t\t\t\t<\/div>\n\t\t\t\t<\/div>\n\t\t\t\t\t<\/div>\n\t\t\t\t<\/div>\n\t\t\t\t\t\t\t<\/div>\n\t\t","protected":false},"excerpt":{"rendered":"<p>&nbsp;<\/p>\n","protected":false},"author":7,"featured_media":2112,"parent":0,"menu_order":0,"comment_status":"closed","ping_status":"closed","template":"","meta":{"footnotes":""},"acf":[],"_links":{"self":[{"href":"https:\/\/cerer.ucad.sn\/index.php?rest_route=\/wp\/v2\/pages\/1001"}],"collection":[{"href":"https:\/\/cerer.ucad.sn\/index.php?rest_route=\/wp\/v2\/pages"}],"about":[{"href":"https:\/\/cerer.ucad.sn\/index.php?rest_route=\/wp\/v2\/types\/page"}],"author":[{"embeddable":true,"href":"https:\/\/cerer.ucad.sn\/index.php?rest_route=\/wp\/v2\/users\/7"}],"replies":[{"embeddable":true,"href":"https:\/\/cerer.ucad.sn\/index.php?rest_route=%2Fwp%2Fv2%2Fcomments&post=1001"}],"version-history":[{"count":29,"href":"https:\/\/cerer.ucad.sn\/index.php?rest_route=\/wp\/v2\/pages\/1001\/revisions"}],"predecessor-version":[{"id":3952,"href":"https:\/\/cerer.ucad.sn\/index.php?rest_route=\/wp\/v2\/pages\/1001\/revisions\/3952"}],"wp:featuredmedia":[{"embeddable":true,"href":"https:\/\/cerer.ucad.sn\/index.php?rest_route=\/wp\/v2\/media\/2112"}],"wp:attachment":[{"href":"https:\/\/cerer.ucad.sn\/index.php?rest_route=%2Fwp%2Fv2%2Fmedia&parent=1001"}],"curies":[{"name":"wp","href":"https:\/\/api.w.org\/{rel}","templated":true}]}}